{"id":20614,"date":"2023-02-02T00:30:10","date_gmt":"2023-02-02T03:30:10","guid":{"rendered":"https:\/\/www.sucandi.com\/?page_id=20614"},"modified":"2023-03-15T20:29:07","modified_gmt":"2023-03-15T23:29:07","slug":"import-or-buy-locally","status":"publish","type":"page","link":"https:\/\/www.sucandi.com\/pt\/import-or-buy-locally\/","title":{"rendered":"Importar ou Comprar Localmente"},"content":{"rendered":"<div data-elementor-type=\"wp-page\" data-elementor-id=\"20614\" class=\"elementor elementor-20614\">\n\t\t\t\t\t\t<section class=\"elementor-section elementor-top-section elementor-element elementor-element-6cb4589 elementor-section-boxed elementor-section-height-default elementor-section-height-default sc_fly_static\" data-id=\"6cb4589\" data-element_type=\"section\">\n\t\t\t\t\t\t<div class=\"elementor-container elementor-column-gap-extended\">\n\t\t\t\t\t<div class=\"elementor-column elementor-col-100 elementor-top-column elementor-element elementor-element-94a8a40 sc_content_align_inherit sc_layouts_column_icons_position_left sc_fly_static\" data-id=\"94a8a40\" data-element_type=\"column\">\n\t\t\t<div class=\"elementor-widget-wrap elementor-element-populated\">\n\t\t\t\t\t\t<div class=\"elementor-element elementor-element-f52d99b elementor-drop-cap-yes elementor-drop-cap-view-default sc_fly_static elementor-widget elementor-widget-text-editor\" data-id=\"f52d99b\" data-element_type=\"widget\" data-settings=\"{&quot;drop_cap&quot;:&quot;yes&quot;}\" data-widget_type=\"text-editor.default\">\n\t\t\t\t<div class=\"elementor-widget-container\">\n\t\t\t\t\t\t\t\t\t<p><span style=\"font-weight: 400;\">Um dos erros mais comuns que os compradores cometem \u00e9 se intimidar com a ideia de importar e decidir comprar localmente. <\/span><\/p><h4><strong>Essa decis\u00e3o leva a dois fatores:<\/strong><\/h4>\t\t\t\t\t\t\t\t<\/div>\n\t\t\t\t<\/div>\n\t\t\t\t\t<\/div>\n\t\t<\/div>\n\t\t\t\t\t<\/div>\n\t\t<\/section>\n\t\t\t\t<section class=\"elementor-section elementor-top-section elementor-element elementor-element-d4a3453 elementor-section-boxed elementor-section-height-default elementor-section-height-default sc_fly_static\" data-id=\"d4a3453\" data-element_type=\"section\">\n\t\t\t\t\t\t<div class=\"elementor-container elementor-column-gap-extended\">\n\t\t\t\t\t<div class=\"elementor-column elementor-col-100 elementor-top-column elementor-element elementor-element-13a0749 sc_content_align_inherit sc_layouts_column_icons_position_left sc_fly_static\" data-id=\"13a0749\" data-element_type=\"column\">\n\t\t\t<div class=\"elementor-widget-wrap elementor-element-populated\">\n\t\t\t\t\t\t<div class=\"elementor-element elementor-element-f94a031 sc_fly_static elementor-widget elementor-widget-spacer\" data-id=\"f94a031\" data-element_type=\"widget\" data-widget_type=\"spacer.default\">\n\t\t\t\t<div class=\"elementor-widget-container\">\n\t\t\t\t\t\t\t<div class=\"elementor-spacer\">\n\t\t\t<div class=\"elementor-spacer-inner\"><\/div>\n\t\t<\/div>\n\t\t\t\t\t\t<\/div>\n\t\t\t\t<\/div>\n\t\t\t\t\t<\/div>\n\t\t<\/div>\n\t\t\t\t\t<\/div>\n\t\t<\/section>\n\t\t\t\t<section class=\"elementor-section elementor-top-section elementor-element elementor-element-00f5143 elementor-section-boxed elementor-section-height-default elementor-section-height-default sc_fly_static\" data-id=\"00f5143\" data-element_type=\"section\">\n\t\t\t\t\t\t<div class=\"elementor-container elementor-column-gap-extended\">\n\t\t\t\t\t<div class=\"elementor-column elementor-col-50 elementor-top-column elementor-element elementor-element-9bb4df7 sc_content_align_inherit sc_layouts_column_icons_position_left sc_fly_static\" data-id=\"9bb4df7\" data-element_type=\"column\">\n\t\t\t<div class=\"elementor-widget-wrap elementor-element-populated\">\n\t\t\t\t\t\t<div data-animation-type=\"block\" class=\"elementor-element elementor-element-7616440 animation_type_block sc_fly_static elementor-invisible elementor-widget elementor-widget-image\" data-id=\"7616440\" data-element_type=\"widget\" data-settings=\"{&quot;_animation&quot;:&quot;slideInLeft&quot;}\" data-widget_type=\"image.default\">\n\t\t\t\t<div class=\"elementor-widget-container\">\n\t\t\t\t\t\t\t\t\t\t\t\t\t\t\t<img decoding=\"async\" width=\"50\" height=\"50\" src=\"https:\/\/www.sucandi.com\/wp-content\/uploads\/2023\/02\/Design-sem-nome-2.png\" class=\"attachment-large size-large wp-image-20618\" alt=\"\" \/>\t\t\t\t\t\t\t\t\t\t\t\t\t\t\t<\/div>\n\t\t\t\t<\/div>\n\t\t\t\t\t<\/div>\n\t\t<\/div>\n\t\t\t\t<div class=\"elementor-column elementor-col-50 elementor-top-column elementor-element elementor-element-069ae01 sc_content_align_inherit sc_layouts_column_icons_position_left sc_fly_static\" data-id=\"069ae01\" data-element_type=\"column\">\n\t\t\t<div class=\"elementor-widget-wrap elementor-element-populated\">\n\t\t\t\t\t\t<div class=\"elementor-element elementor-element-fa773d0 sc_fly_static elementor-widget elementor-widget-text-editor\" data-id=\"fa773d0\" data-element_type=\"widget\" data-widget_type=\"text-editor.default\">\n\t\t\t\t<div class=\"elementor-widget-container\">\n\t\t\t\t\t\t\t\t\t<p>Voc\u00ea pagar\u00e1 mais pelo trabalho que foi feito para voc\u00ea com a importa\u00e7\u00e3o.<\/p>\t\t\t\t\t\t\t\t<\/div>\n\t\t\t\t<\/div>\n\t\t\t\t\t<\/div>\n\t\t<\/div>\n\t\t\t\t\t<\/div>\n\t\t<\/section>\n\t\t\t\t<section class=\"elementor-section elementor-top-section elementor-element elementor-element-5441ba1 elementor-section-boxed elementor-section-height-default elementor-section-height-default sc_fly_static\" data-id=\"5441ba1\" data-element_type=\"section\">\n\t\t\t\t\t\t<div class=\"elementor-container elementor-column-gap-extended\">\n\t\t\t\t\t<div class=\"elementor-column elementor-col-100 elementor-top-column elementor-element elementor-element-15f1516 sc_content_align_inherit sc_layouts_column_icons_position_left sc_fly_static\" data-id=\"15f1516\" data-element_type=\"column\">\n\t\t\t<div class=\"elementor-widget-wrap elementor-element-populated\">\n\t\t\t\t\t\t<div class=\"elementor-element elementor-element-fa761be sc_fly_static elementor-widget elementor-widget-spacer\" data-id=\"fa761be\" data-element_type=\"widget\" data-widget_type=\"spacer.default\">\n\t\t\t\t<div class=\"elementor-widget-container\">\n\t\t\t\t\t\t\t<div class=\"elementor-spacer\">\n\t\t\t<div class=\"elementor-spacer-inner\"><\/div>\n\t\t<\/div>\n\t\t\t\t\t\t<\/div>\n\t\t\t\t<\/div>\n\t\t\t\t\t<\/div>\n\t\t<\/div>\n\t\t\t\t\t<\/div>\n\t\t<\/section>\n\t\t\t\t<section class=\"elementor-section elementor-top-section elementor-element elementor-element-ad4fcf0 elementor-section-boxed elementor-section-height-default elementor-section-height-default sc_fly_static\" data-id=\"ad4fcf0\" data-element_type=\"section\">\n\t\t\t\t\t\t<div class=\"elementor-container elementor-column-gap-extended\">\n\t\t\t\t\t<div class=\"elementor-column elementor-col-50 elementor-top-column elementor-element elementor-element-422e51a sc_content_align_inherit sc_layouts_column_icons_position_left sc_fly_static\" data-id=\"422e51a\" data-element_type=\"column\">\n\t\t\t<div class=\"elementor-widget-wrap elementor-element-populated\">\n\t\t\t\t\t\t<div data-animation-type=\"block\" class=\"elementor-element elementor-element-da09a8e animation_type_block sc_fly_static elementor-invisible elementor-widget elementor-widget-image\" data-id=\"da09a8e\" data-element_type=\"widget\" data-settings=\"{&quot;_animation&quot;:&quot;slideInLeft&quot;}\" data-widget_type=\"image.default\">\n\t\t\t\t<div class=\"elementor-widget-container\">\n\t\t\t\t\t\t\t\t\t\t\t\t\t\t\t<img decoding=\"async\" width=\"50\" height=\"50\" src=\"https:\/\/www.sucandi.com\/wp-content\/uploads\/2023\/02\/Design-sem-nome-2.png\" class=\"attachment-large size-large wp-image-20618\" alt=\"\" \/>\t\t\t\t\t\t\t\t\t\t\t\t\t\t\t<\/div>\n\t\t\t\t<\/div>\n\t\t\t\t\t<\/div>\n\t\t<\/div>\n\t\t\t\t<div class=\"elementor-column elementor-col-50 elementor-top-column elementor-element elementor-element-a94b0a5 sc_content_align_inherit sc_layouts_column_icons_position_left sc_fly_static\" data-id=\"a94b0a5\" data-element_type=\"column\">\n\t\t\t<div class=\"elementor-widget-wrap elementor-element-populated\">\n\t\t\t\t\t\t<div class=\"elementor-element elementor-element-8329c56 sc_fly_static elementor-widget elementor-widget-text-editor\" data-id=\"8329c56\" data-element_type=\"widget\" data-widget_type=\"text-editor.default\">\n\t\t\t\t<div class=\"elementor-widget-container\">\n\t\t\t\t\t\t\t\t\t<p>E voc\u00ea pode ter que comprometer a qualidade e ter menos op\u00e7\u00f5es para escolher.<\/p>\t\t\t\t\t\t\t\t<\/div>\n\t\t\t\t<\/div>\n\t\t\t\t\t<\/div>\n\t\t<\/div>\n\t\t\t\t\t<\/div>\n\t\t<\/section>\n\t\t\t\t<section class=\"elementor-section elementor-top-section elementor-element elementor-element-a7ad914 elementor-section-boxed elementor-section-height-default elementor-section-height-default sc_fly_static\" data-id=\"a7ad914\" data-element_type=\"section\">\n\t\t\t\t\t\t<div class=\"elementor-container elementor-column-gap-extended\">\n\t\t\t\t\t<div class=\"elementor-column elementor-col-100 elementor-top-column elementor-element elementor-element-18c92d8 sc_content_align_inherit sc_layouts_column_icons_position_left sc_fly_static\" data-id=\"18c92d8\" data-element_type=\"column\">\n\t\t\t<div class=\"elementor-widget-wrap elementor-element-populated\">\n\t\t\t\t\t\t<div class=\"elementor-element elementor-element-bc76013 sc_fly_static elementor-widget elementor-widget-spacer\" data-id=\"bc76013\" data-element_type=\"widget\" data-widget_type=\"spacer.default\">\n\t\t\t\t<div class=\"elementor-widget-container\">\n\t\t\t\t\t\t\t<div class=\"elementor-spacer\">\n\t\t\t<div class=\"elementor-spacer-inner\"><\/div>\n\t\t<\/div>\n\t\t\t\t\t\t<\/div>\n\t\t\t\t<\/div>\n\t\t\t\t\t<\/div>\n\t\t<\/div>\n\t\t\t\t\t<\/div>\n\t\t<\/section>\n\t\t\t\t<section class=\"elementor-section elementor-top-section elementor-element elementor-element-afa26cc elementor-section-boxed elementor-section-height-default elementor-section-height-default sc_fly_static\" data-id=\"afa26cc\" data-element_type=\"section\">\n\t\t\t\t\t\t<div class=\"elementor-container elementor-column-gap-extended\">\n\t\t\t\t\t<div class=\"elementor-column elementor-col-50 elementor-top-column elementor-element elementor-element-0eca7b7 sc_content_align_inherit sc_layouts_column_icons_position_left sc_fly_static\" data-id=\"0eca7b7\" data-element_type=\"column\">\n\t\t\t<div class=\"elementor-widget-wrap elementor-element-populated\">\n\t\t\t\t\t\t<div class=\"elementor-element elementor-element-42e0689 sc_fly_static elementor-widget elementor-widget-text-editor\" data-id=\"42e0689\" data-element_type=\"widget\" data-widget_type=\"text-editor.default\">\n\t\t\t\t<div class=\"elementor-widget-container\">\n\t\t\t\t\t\t\t\t\t<p>\u00a0<\/p><p>Se voc\u00ea est\u00e1 procurando um Lusitano,<strong> Nossa miss\u00e3o \u00e9 encontrar o par perfeito para voc\u00ea.\u00a0<\/strong><\/p><p>Muito mais do que um criador ou um celeiro de vendas,<strong> A Sucandi \u00e9 especializada em conectar as pessoas certas aos cavalos certos.<\/strong><\/p><p>Nossos cavalos s\u00e3o pr\u00e9-selecionados, pr\u00e9-avaliados e garantidos para serem uma boa escolha para cavaleiros amadores.\u00a0<\/p><p>Fazemos todo o trabalho para voc\u00ea.<\/p><p>N\u00f3s o guiaremos por todo o processo de identifica\u00e7\u00e3o das suas necessidades, busca por cavalos dispon\u00edveis e, acima de tudo, verifica\u00e7\u00e3o da compatibilidade entre voc\u00ea e o cavalo.\u00a0<\/p><p>N\u00f3s cuidamos de toda a importa\u00e7\u00e3o e, antes<strong> voc\u00ea saber\u00e1 que o cavalo dos seus sonhos estar\u00e1 no seu celeiro.\u00a0<\/strong><\/p><p>Sem compromissos: <strong>qualidade total de forma simples.<\/strong><\/p>\t\t\t\t\t\t\t\t<\/div>\n\t\t\t\t<\/div>\n\t\t\t\t\t<\/div>\n\t\t<\/div>\n\t\t\t\t<div class=\"elementor-column elementor-col-50 elementor-top-column elementor-element elementor-element-16b9017 sc_content_align_inherit sc_layouts_column_icons_position_left sc_fly_static\" data-id=\"16b9017\" data-element_type=\"column\">\n\t\t\t<div class=\"elementor-widget-wrap elementor-element-populated\">\n\t\t\t\t\t\t<div data-animation-type=\"block\" class=\"elementor-element elementor-element-5e979ac animation_type_block sc_gradient_animation_none sc_fly_static elementor-invisible elementor-widget elementor-widget-image\" data-id=\"5e979ac\" data-element_type=\"widget\" data-settings=\"{&quot;_animation&quot;:&quot;happy-rider-fadeinup&quot;}\" data-widget_type=\"image.default\">\n\t\t\t\t<div class=\"elementor-widget-container\">\n\t\t\t\t\t\t\t\t\t\t\t\t\t\t\t<img fetchpriority=\"high\" decoding=\"async\" width=\"441\" height=\"600\" src=\"https:\/\/www.sucandi.com\/wp-content\/uploads\/2023\/02\/Design-sem-nome-6.png\" class=\"attachment-large size-large wp-image-20748\" alt=\"sucandi\" srcset=\"https:\/\/www.sucandi.com\/wp-content\/uploads\/2023\/02\/Design-sem-nome-6.png 441w, https:\/\/www.sucandi.com\/wp-content\/uploads\/2023\/02\/Design-sem-nome-6-221x300.png 221w, https:\/\/www.sucandi.com\/wp-content\/uploads\/2023\/02\/Design-sem-nome-6-370x503.png 370w, https:\/\/www.sucandi.com\/wp-content\/uploads\/2023\/02\/Design-sem-nome-6-410x558.png 410w\" sizes=\"(max-width: 600px) 100vw, 441px\" \/>\t\t\t\t\t\t\t\t\t\t\t\t\t\t\t<\/div>\n\t\t\t\t<\/div>\n\t\t\t\t\t<\/div>\n\t\t<\/div>\n\t\t\t\t\t<\/div>\n\t\t<\/section>\n\t\t\t\t<section class=\"elementor-section elementor-top-section elementor-element elementor-element-d335bc9 elementor-section-boxed elementor-section-height-default elementor-section-height-default sc_fly_static\" data-id=\"d335bc9\" data-element_type=\"section\">\n\t\t\t\t\t\t<div class=\"elementor-container elementor-column-gap-extended\">\n\t\t\t\t\t<div class=\"elementor-column elementor-col-100 elementor-top-column elementor-element elementor-element-1ea5070 sc_content_align_inherit sc_layouts_column_icons_position_left sc_fly_static\" data-id=\"1ea5070\" data-element_type=\"column\">\n\t\t\t<div class=\"elementor-widget-wrap elementor-element-populated\">\n\t\t\t\t\t\t<div class=\"elementor-element elementor-element-f90bb70 sc_fly_static elementor-widget elementor-widget-spacer\" data-id=\"f90bb70\" data-element_type=\"widget\" data-widget_type=\"spacer.default\">\n\t\t\t\t<div class=\"elementor-widget-container\">\n\t\t\t\t\t\t\t<div class=\"elementor-spacer\">\n\t\t\t<div class=\"elementor-spacer-inner\"><\/div>\n\t\t<\/div>\n\t\t\t\t\t\t<\/div>\n\t\t\t\t<\/div>\n\t\t\t\t\t<\/div>\n\t\t<\/div>\n\t\t\t\t\t<\/div>\n\t\t<\/section>\n\t\t\t\t<section class=\"elementor-section elementor-top-section elementor-element elementor-element-6dda185 elementor-section-boxed elementor-section-height-default elementor-section-height-default sc_fly_static\" data-id=\"6dda185\" data-element_type=\"section\">\n\t\t\t\t\t\t<div class=\"elementor-container elementor-column-gap-extended\">\n\t\t\t\t\t<div class=\"elementor-column elementor-col-100 elementor-top-column elementor-element elementor-element-e7071d5 sc_content_align_inherit sc_layouts_column_icons_position_left sc_fly_static\" data-id=\"e7071d5\" data-element_type=\"column\">\n\t\t\t<div class=\"elementor-widget-wrap elementor-element-populated\">\n\t\t\t\t\t\t<div class=\"elementor-element elementor-element-c7db597 sc_fly_static elementor-widget elementor-widget-heading\" data-id=\"c7db597\" data-element_type=\"widget\" data-widget_type=\"heading.default\">\n\t\t\t\t<div class=\"elementor-widget-container\">\n\t\t\t\t\t<h2 class=\"elementor-heading-title elementor-size-default\">Importa\u00e7\u00e3o Facilitada<\/h2>\t\t\t\t<\/div>\n\t\t\t\t<\/div>\n\t\t\t\t\t<\/div>\n\t\t<\/div>\n\t\t\t\t\t<\/div>\n\t\t<\/section>\n\t\t\t\t<section class=\"elementor-section elementor-top-section elementor-element elementor-element-d812408 elementor-section-boxed elementor-section-height-default elementor-section-height-default sc_fly_static\" data-id=\"d812408\" data-element_type=\"section\">\n\t\t\t\t\t\t<div class=\"elementor-container elementor-column-gap-extended\">\n\t\t\t\t\t<div class=\"elementor-column elementor-col-100 elementor-top-column elementor-element elementor-element-8f74af0 sc_content_align_inherit sc_layouts_column_icons_position_left sc_fly_static\" data-id=\"8f74af0\" data-element_type=\"column\">\n\t\t\t<div class=\"elementor-widget-wrap elementor-element-populated\">\n\t\t\t\t\t\t<div class=\"elementor-element elementor-element-89ecced sc_fly_static elementor-widget elementor-widget-text-editor\" data-id=\"89ecced\" data-element_type=\"widget\" data-widget_type=\"text-editor.default\">\n\t\t\t\t<div class=\"elementor-widget-container\">\n\t\t\t\t\t\t\t\t\t<p>\u00a0<\/p><p><strong>Voc\u00ea pode ter encontrado o cavalo dos seus sonhos durante sua viagem \u00e0 Sucandi,<\/strong> ou voc\u00ea pode ter decidido comprar sem v\u00ea-lo pessoalmente, atrav\u00e9s do nosso suporte, orienta\u00e7\u00e3o e comprovada capacidade de combinar cavalo e cavaleiro.<\/p><p>Uma vez escolhido o seu novo cavalo, a Sucandi cuidar\u00e1 de todos os detalhes para voc\u00ea. Organizamos o exame veterin\u00e1rio, raios-X digitais, reservamos o voo e providenciamos a quarentena para o seu novo parceiro. Voc\u00ea n\u00e3o precisar\u00e1 fazer nada.<\/p><p><strong>Em breve, seu Lusitano estar\u00e1 na sua porta.<\/strong><\/p>\t\t\t\t\t\t\t\t<\/div>\n\t\t\t\t<\/div>\n\t\t\t\t\t<\/div>\n\t\t<\/div>\n\t\t\t\t\t<\/div>\n\t\t<\/section>\n\t\t\t\t<section class=\"elementor-section elementor-top-section elementor-element elementor-element-6bd3913 elementor-section-boxed elementor-section-height-default elementor-section-height-default sc_fly_static\" data-id=\"6bd3913\" data-element_type=\"section\">\n\t\t\t\t\t\t<div class=\"elementor-container elementor-column-gap-extended\">\n\t\t\t\t\t<div class=\"elementor-column elementor-col-100 elementor-top-column elementor-element elementor-element-301e2a2 sc_content_align_inherit sc_layouts_column_icons_position_left sc_fly_static\" data-id=\"301e2a2\" data-element_type=\"column\">\n\t\t\t<div class=\"elementor-widget-wrap elementor-element-populated\">\n\t\t\t\t\t\t<div class=\"elementor-element elementor-element-51723a9 sc_fly_static elementor-widget elementor-widget-spacer\" data-id=\"51723a9\" data-element_type=\"widget\" data-widget_type=\"spacer.default\">\n\t\t\t\t<div class=\"elementor-widget-container\">\n\t\t\t\t\t\t\t<div class=\"elementor-spacer\">\n\t\t\t<div class=\"elementor-spacer-inner\"><\/div>\n\t\t<\/div>\n\t\t\t\t\t\t<\/div>\n\t\t\t\t<\/div>\n\t\t\t\t\t<\/div>\n\t\t<\/div>\n\t\t\t\t\t<\/div>\n\t\t<\/section>\n\t\t\t\t<section class=\"elementor-section elementor-top-section elementor-element elementor-element-22c3f85 elementor-section-boxed elementor-section-height-default elementor-section-height-default sc_fly_static\" data-id=\"22c3f85\" data-element_type=\"section\">\n\t\t\t\t\t\t<div class=\"elementor-container elementor-column-gap-extended\">\n\t\t\t\t\t<div class=\"elementor-column elementor-col-50 elementor-top-column elementor-element elementor-element-4faf168 sc_content_align_inherit sc_layouts_column_icons_position_left sc_fly_static\" data-id=\"4faf168\" data-element_type=\"column\">\n\t\t\t<div class=\"elementor-widget-wrap elementor-element-populated\">\n\t\t\t\t\t\t<div class=\"elementor-element elementor-element-7bb2837 sc_fly_static elementor-widget elementor-widget-image\" data-id=\"7bb2837\" data-element_type=\"widget\" data-widget_type=\"image.default\">\n\t\t\t\t<div class=\"elementor-widget-container\">\n\t\t\t\t\t\t\t\t\t\t\t\t\t\t\t<img decoding=\"async\" width=\"650\" height=\"420\" src=\"https:\/\/www.sucandi.com\/wp-content\/uploads\/2023\/02\/import02.jpg\" class=\"attachment-large size-large wp-image-20715\" alt=\"import-made-easy\" srcset=\"https:\/\/www.sucandi.com\/wp-content\/uploads\/2023\/02\/import02.jpg 650w, https:\/\/www.sucandi.com\/wp-content\/uploads\/2023\/02\/import02-300x194.jpg 300w, https:\/\/www.sucandi.com\/wp-content\/uploads\/2023\/02\/import02-370x239.jpg 370w, https:\/\/www.sucandi.com\/wp-content\/uploads\/2023\/02\/import02-410x265.jpg 410w, https:\/\/www.sucandi.com\/wp-content\/uploads\/2023\/02\/import02-600x388.jpg 600w\" sizes=\"(max-width: 650px) 100vw, 650px\" \/>\t\t\t\t\t\t\t\t\t\t\t\t\t\t\t<\/div>\n\t\t\t\t<\/div>\n\t\t\t\t\t<\/div>\n\t\t<\/div>\n\t\t\t\t<div class=\"elementor-column elementor-col-50 elementor-top-column elementor-element elementor-element-7df1812 sc_content_align_inherit sc_layouts_column_icons_position_left sc_fly_static\" data-id=\"7df1812\" data-element_type=\"column\">\n\t\t\t<div class=\"elementor-widget-wrap elementor-element-populated\">\n\t\t\t\t\t\t<div class=\"elementor-element elementor-element-ae79cea sc_fly_static elementor-widget elementor-widget-image\" data-id=\"ae79cea\" data-element_type=\"widget\" data-widget_type=\"image.default\">\n\t\t\t\t<div class=\"elementor-widget-container\">\n\t\t\t\t\t\t\t\t\t\t\t\t\t\t\t<img loading=\"lazy\" decoding=\"async\" width=\"650\" height=\"366\" src=\"https:\/\/www.sucandi.com\/wp-content\/uploads\/2023\/02\/import03.jpg\" class=\"attachment-large size-large wp-image-20716\" alt=\"import-made-easy\" srcset=\"https:\/\/www.sucandi.com\/wp-content\/uploads\/2023\/02\/import03.jpg 650w, https:\/\/www.sucandi.com\/wp-content\/uploads\/2023\/02\/import03-300x169.jpg 300w, https:\/\/www.sucandi.com\/wp-content\/uploads\/2023\/02\/import03-370x208.jpg 370w, https:\/\/www.sucandi.com\/wp-content\/uploads\/2023\/02\/import03-410x231.jpg 410w, https:\/\/www.sucandi.com\/wp-content\/uploads\/2023\/02\/import03-600x338.jpg 600w, https:\/\/www.sucandi.com\/wp-content\/uploads\/2023\/02\/import03-270x152.jpg 270w\" sizes=\"(max-width: 650px) 100vw, 650px\" \/>\t\t\t\t\t\t\t\t\t\t\t\t\t\t\t<\/div>\n\t\t\t\t<\/div>\n\t\t\t\t\t<\/div>\n\t\t<\/div>\n\t\t\t\t\t<\/div>\n\t\t<\/section>\n\t\t\t\t<\/div>","protected":false},"excerpt":{"rendered":"<p>One of the most common mistakes buyers make is to get intimidated by the idea of importing and decide to buy locally. That decision leads to two factors: You will&hellip;<\/p>","protected":false},"author":1,"featured_media":0,"parent":0,"menu_order":0,"comment_status":"closed","ping_status":"closed","template":"","meta":{"footnotes":""},"class_list":["post-20614","page","type-page","status-publish","hentry"],"_links":{"self":[{"href":"https:\/\/www.sucandi.com\/pt\/wp-json\/wp\/v2\/pages\/20614","targetHints":{"allow":["GET"]}}],"collection":[{"href":"https:\/\/www.sucandi.com\/pt\/wp-json\/wp\/v2\/pages"}],"about":[{"href":"https:\/\/www.sucandi.com\/pt\/wp-json\/wp\/v2\/types\/page"}],"author":[{"embeddable":true,"href":"https:\/\/www.sucandi.com\/pt\/wp-json\/wp\/v2\/users\/1"}],"replies":[{"embeddable":true,"href":"https:\/\/www.sucandi.com\/pt\/wp-json\/wp\/v2\/comments?post=20614"}],"version-history":[{"count":88,"href":"https:\/\/www.sucandi.com\/pt\/wp-json\/wp\/v2\/pages\/20614\/revisions"}],"predecessor-version":[{"id":21739,"href":"https:\/\/www.sucandi.com\/pt\/wp-json\/wp\/v2\/pages\/20614\/revisions\/21739"}],"wp:attachment":[{"href":"https:\/\/www.sucandi.com\/pt\/wp-json\/wp\/v2\/media?parent=20614"}],"curies":[{"name":"wp","href":"https:\/\/api.w.org\/{rel}","templated":true}]}}